{"id":10447,"date":"2025-05-12T14:46:13","date_gmt":"2025-05-12T14:46:13","guid":{"rendered":"https:\/\/excell-jets.com\/?page_id=10447"},"modified":"2025-05-12T15:11:46","modified_gmt":"2025-05-12T15:11:46","slug":"mentions-legales","status":"publish","type":"page","link":"https:\/\/excell-jets.com\/en\/mentions-legales\/","title":{"rendered":"Legal notice"},"content":{"rendered":"<div data-elementor-type=\"wp-page\" data-elementor-id=\"10447\" class=\"elementor elementor-10447\" data-elementor-post-type=\"page\">\n\t\t\t\t\t\t<section class=\"elementor-section elementor-top-section elementor-element elementor-element-aad5c28 elementor-section-boxed elementor-section-height-default elementor-section-height-default\" data-id=\"aad5c28\" data-element_type=\"section\" data-e-type=\"section\" data-settings=\"{&quot;background_background&quot;:&quot;classic&quot;}\">\n\t\t\t\t\t\t\t<div class=\"elementor-background-overlay\"><\/div>\n\t\t\t\t\t\t\t<div class=\"elementor-container elementor-column-gap-no\">\n\t\t\t\t\t<div class=\"elementor-column elementor-col-100 elementor-top-column elementor-element elementor-element-4c01dfc\" data-id=\"4c01dfc\" data-element_type=\"column\" data-e-type=\"column\">\n\t\t\t<div class=\"elementor-widget-wrap elementor-element-populated\">\n\t\t\t\t\t\t<div class=\"elementor-element elementor-element-f68e082 elementor-widget elementor-widget-heading\" data-id=\"f68e082\" data-element_type=\"widget\" data-e-type=\"widget\" data-widget_type=\"heading.default\">\n\t\t\t\t\t\t<div class=\"elementor-widget-container\">\n\t\t\t\t\t<h1 class=\"elementor-heading-title elementor-size-default\">Legal notice<\/h1>\t\t\t\t<\/div>\n\t\t\t\t<\/div>\n\t\t\t\t\t<\/div>\n\t\t<\/div>\n\t\t\t\t\t<\/div>\n\t\t<\/section>\n\t\t\t\t<section class=\"elementor-section elementor-top-section elementor-element elementor-element-791dfa9 elementor-section-boxed elementor-section-height-default elementor-section-height-default\" data-id=\"791dfa9\" data-element_type=\"section\" data-e-type=\"section\">\n\t\t\t\t\t\t<div class=\"elementor-container elementor-column-gap-default\">\n\t\t\t\t\t<div class=\"elementor-column elementor-col-100 elementor-top-column elementor-element elementor-element-475067a\" data-id=\"475067a\" data-element_type=\"column\" data-e-type=\"column\">\n\t\t\t<div class=\"elementor-widget-wrap elementor-element-populated\">\n\t\t\t\t\t\t<section class=\"elementor-section elementor-inner-section elementor-element elementor-element-9460d55 elementor-section-full_width elementor-section-height-default elementor-section-height-default\" data-id=\"9460d55\" data-element_type=\"section\" data-e-type=\"section\">\n\t\t\t\t\t\t<div class=\"elementor-container elementor-column-gap-no\">\n\t\t\t\t\t<div class=\"elementor-column elementor-col-100 elementor-inner-column elementor-element elementor-element-0bf1276\" data-id=\"0bf1276\" data-element_type=\"column\" data-e-type=\"column\">\n\t\t\t<div class=\"elementor-widget-wrap elementor-element-populated\">\n\t\t\t\t\t\t<div class=\"elementor-element elementor-element-c641ec3 elementor-widget elementor-widget-text-editor\" data-id=\"c641ec3\" data-element_type=\"widget\" data-e-type=\"widget\" data-widget_type=\"text-editor.default\">\n\t\t\t\t\t\t<div class=\"elementor-widget-container\">\n\t\t\t\t\t\t\t\t\t<p class=\"ng-star-inserted\">Conform\u00e9ment aux dispositions des articles 6-III et 19 de la Loi n\u00b0 2004-575 du 21 juin 2004 pour la Confiance dans l&rsquo;\u00e9conomie num\u00e9rique, dite L.C.E.N., nous portons \u00e0 la connaissance des utilisateurs et visiteurs du site : www.excell-jets.com :<\/p><h3 class=\"ng-star-inserted\" style=\"text-align: center;\"><strong>1. \u00c9diteur du site :<\/strong><\/h3><p class=\"ng-star-inserted\" style=\"text-align: center;\">Le pr\u00e9sent site, accessible \u00e0 l\u2019URL www.excell-jets.com (ci-apr\u00e8s le \u00ab\u00a0Site\u00a0\u00bb), est \u00e9dit\u00e9 par :<br \/>EXCELLJETS<br \/>Soci\u00e9t\u00e9 SASU au capital de 2000 euros,<br \/>Inscrite au R.C.S. du greffe de THONON-LES-BAINS , le 02\/05\/2016 ) sous le num\u00e9ro siret : 82002168100029<br \/>Num\u00e9ro de TVA intracommunautaire : FR40820021681<br \/>Si\u00e8ge social : 31000 TOULOUSE<br \/>T\u00e9l\u00e9phone : 06 25 36 28 96<br \/>Adresse e-mail : contact@excell-jets.com<br \/>Directeur de la publication : Fran\u00e7ois-Xavier Bogillot<\/p><h3 class=\"ng-star-inserted\" style=\"text-align: center;\">2. H\u00e9bergement :<\/h3><p class=\"ng-star-inserted\" style=\"text-align: center;\">Le Site est h\u00e9berg\u00e9 par :<br \/>HOSTINGER<br \/>Adresse :LTD, 61 Lordou Vironos Street, 6023 Larnaca, Chypre<br \/>Site web : https:\/\/www.hostinger.com\/<\/p><h3 class=\"ng-star-inserted\" style=\"text-align: center;\"><strong>3. Conception et r\u00e9alisation<\/strong><\/h3><p class=\"ng-star-inserted\" style=\"text-align: center;\">Le site a \u00e9t\u00e9 con\u00e7u et r\u00e9alis\u00e9 par :<br \/>Serge-J\u00e9r\u00f4me Laverny \/ SEOOTOP.fr<br \/><br \/><\/p><h3 class=\"ng-star-inserted\" style=\"text-align: center;\"><strong>4. Conditions g\u00e9n\u00e9rales d&rsquo;utilisation :<\/strong><\/h3><p class=\"ng-star-inserted\">L&rsquo;utilisation du Site implique l&rsquo;acceptation pleine et enti\u00e8re des conditions g\u00e9n\u00e9rales d&rsquo;utilisation ci-apr\u00e8s d\u00e9crites. Ces conditions d&rsquo;utilisation sont susceptibles d&rsquo;\u00eatre modifi\u00e9es ou compl\u00e9t\u00e9es \u00e0 tout moment, les utilisateurs du Site sont donc invit\u00e9s \u00e0 les consulter de mani\u00e8re r\u00e9guli\u00e8re.<\/p><h3 class=\"ng-star-inserted\" style=\"text-align: center;\">5. Propri\u00e9t\u00e9 intellectuelle<\/h3><p class=\"ng-star-inserted\"><strong>EXCELLJETS<\/strong> est propri\u00e9taire des droits de propri\u00e9t\u00e9 intellectuelle ou d\u00e9tient les droits d\u2019usage sur tous les \u00e9l\u00e9ments accessibles sur le site, notamment les textes, images, graphismes, logo, ic\u00f4nes, sons, logiciels.<\/p><p class=\"ng-star-inserted\">Toute reproduction, repr\u00e9sentation, modification, publication, adaptation de tout ou partie des \u00e9l\u00e9ments du site, quel que soit le moyen ou le proc\u00e9d\u00e9 utilis\u00e9, est interdite, sauf autorisation \u00e9crite pr\u00e9alable de : EXCELLJETS.<\/p><p class=\"ng-star-inserted\">Toute exploitation non autoris\u00e9e du site ou de l\u2019un quelconque des \u00e9l\u00e9ments qu\u2019il contient sera consid\u00e9r\u00e9e comme constitutive d\u2019une contrefa\u00e7on et poursuivie conform\u00e9ment aux dispositions des articles L.335-2 et suivants du Code de Propri\u00e9t\u00e9 Intellectuelle.<\/p><h3 class=\"ng-star-inserted\" style=\"text-align: center;\">6. Gestion des donn\u00e9es personnelles<\/h3><p class=\"ng-star-inserted\">Le client est inform\u00e9 des r\u00e9glementations concernant la communication marketing, la loi du 21 Juin 2014 pour la confiance dans l\u2019Economie Num\u00e9rique, la Loi Informatique et Libert\u00e9 du 06 Ao\u00fbt 2004 ainsi que du R\u00e8glement G\u00e9n\u00e9ral sur la Protection des Donn\u00e9es (RGPD : n\u00b0 2016-679).<\/p><p class=\"ng-star-inserted\">Pour plus d&rsquo;informations sur la mani\u00e8re dont nous collectons, utilisons et prot\u00e9geons vos donn\u00e9es personnelles, veuillez consulter notre <strong>Politique de Confidentialit\u00e9<\/strong>.<\/p><p class=\"ng-star-inserted\">Responsable du traitement des donn\u00e9es personnelles : Fran\u00e7ois Bogillot.<\/p><h3 class=\"ng-star-inserted\" style=\"text-align: center;\">7. Limitation de responsabilit\u00e9<\/h3><p class=\"ng-star-inserted\">EXCELLJETS s\u2019efforce de fournir sur le Site des informations aussi pr\u00e9cises que possible. Toutefois, elle ne pourra \u00eatre tenue responsable des omissions, des inexactitudes et des carences dans la mise \u00e0 jour, qu\u2019elles soient de son fait ou du fait des tiers partenaires qui lui fournissent ces informations.<\/p><p class=\"ng-star-inserted\">Toutes les informations indiqu\u00e9es sur le Site sont donn\u00e9es \u00e0 titre indicatif, et sont susceptibles d\u2019\u00e9voluer. Par ailleurs, les renseignements figurant sur le Site ne sont pas exhaustifs. Ils sont donn\u00e9s sous r\u00e9serve de modifications ayant \u00e9t\u00e9 apport\u00e9es depuis leur mise en ligne.<\/p><p class=\"ng-star-inserted\">Le Site utilise la technologie JavaScript. Le site Internet ne pourra \u00eatre tenu responsable de dommages mat\u00e9riels li\u00e9s \u00e0 l\u2019utilisation du site.<\/p><h3 class=\"ng-star-inserted\" style=\"text-align: center;\"><strong>8. Liens yypertextes et cookies<\/strong><\/h3><p class=\"ng-star-inserted\">Le Site peut contenir un certain nombre de liens hypertextes vers d\u2019autres sites. Cependant, EXCELLJETS n\u2019a pas la possibilit\u00e9 de v\u00e9rifier le contenu des sites ainsi visit\u00e9s, et n\u2019assumera en cons\u00e9quence aucune responsabilit\u00e9 de ce fait.<\/p><p class=\"ng-star-inserted\">La navigation sur le Site est susceptible de provoquer l\u2019installation de cookie(s) sur l\u2019ordinateur de l\u2019utilisateur. Un cookie est un fichier de petite taille, qui ne permet pas l\u2019identification de l\u2019utilisateur, mais qui enregistre des informations relatives \u00e0 la navigation d\u2019un ordinateur sur un site.<\/p><p class=\"ng-star-inserted\">Les donn\u00e9es ainsi obtenues visent \u00e0 faciliter la navigation ult\u00e9rieure sur le site, et ont \u00e9galement vocation \u00e0 permettre diverses mesures de fr\u00e9quentation.<\/p><p class=\"ng-star-inserted\">Pour plus d&rsquo;informations sur l&rsquo;utilisation des cookies, veuillez consulter notre <strong>Politique de Cookies<\/strong>.<\/p><h3 class=\"ng-star-inserted\" style=\"text-align: center;\"><strong>9. Droit applicable et attribution de juridiction<\/strong><\/h3><p class=\"ng-star-inserted\">Tout litige en relation avec l\u2019utilisation du Site est soumis au droit fran\u00e7ais. Il est fait attribution exclusive de juridiction aux tribunaux comp\u00e9tents de Thonon-les-bains.<\/p>\t\t\t\t\t\t\t\t<\/div>\n\t\t\t\t<\/div>\n\t\t\t\t\t<\/div>\n\t\t<\/div>\n\t\t\t\t\t<\/div>\n\t\t<\/section>\n\t\t\t\t\t<\/div>\n\t\t<\/div>\n\t\t\t\t\t<\/div>\n\t\t<\/section>\n\t\t\t\t<\/div>","protected":false},"excerpt":{"rendered":"<p>Mentions l\u00e9gales Conform\u00e9ment aux dispositions des articles 6-III et 19 de la Loi n\u00b0 2004-575 du 21 juin 2004 pour [&hellip;]<\/p>\n","protected":false},"author":1,"featured_media":0,"parent":0,"menu_order":0,"comment_status":"closed","ping_status":"closed","template":"","meta":{"site-sidebar-layout":"no-sidebar","site-content-layout":"","ast-site-content-layout":"full-width-container","site-content-style":"default","site-sidebar-style":"default","ast-global-header-display":"","ast-banner-title-visibility":"","ast-main-header-display":"","ast-hfb-above-header-display":"","ast-hfb-below-header-display":"","ast-hfb-mobile-header-display":"","site-post-title":"disabled","ast-breadcrumbs-content":"","ast-featured-img":"disabled","footer-sml-layout":"","ast-disable-related-posts":"","theme-transparent-header-meta":"","adv-header-id-meta":"","stick-header-meta":"","header-above-stick-meta":"","header-main-stick-meta":"","header-below-stick-meta":"","astra-migrate-meta-layouts":"default","ast-page-background-enabled":"default","ast-page-background-meta":{"desktop":{"background-color":"var(--ast-global-color-5)","background-image":"","background-repeat":"repeat","background-position":"center center","background-size":"auto","background-attachment":"scroll","background-type":"","background-media":"","overlay-type":"","overlay-color":"","overlay-opacity":"","overlay-gradient":""},"tablet":{"background-color":"","background-image":"","background-repeat":"repeat","background-position":"center center","background-size":"auto","background-attachment":"scroll","background-type":"","background-media":"","overlay-type":"","overlay-color":"","overlay-opacity":"","overlay-gradient":""},"mobile":{"background-color":"","background-image":"","background-repeat":"repeat","background-position":"center center","background-size":"auto","background-attachment":"scroll","background-type":"","background-media":"","overlay-type":"","overlay-color":"","overlay-opacity":"","overlay-gradient":""}},"ast-content-background-meta":{"desktop":{"background-color":"var(--ast-global-color-4)","background-image":"","background-repeat":"repeat","background-position":"center center","background-size":"auto","background-attachment":"scroll","background-type":"","background-media":"","overlay-type":"","overlay-color":"","overlay-opacity":"","overlay-gradient":""},"tablet":{"background-color":"var(--ast-global-color-4)","background-image":"","background-repeat":"repeat","background-position":"center center","background-size":"auto","background-attachment":"scroll","background-type":"","background-media":"","overlay-type":"","overlay-color":"","overlay-opacity":"","overlay-gradient":""},"mobile":{"background-color":"var(--ast-global-color-4)","background-image":"","background-repeat":"repeat","background-position":"center center","background-size":"auto","background-attachment":"scroll","background-type":"","background-media":"","overlay-type":"","overlay-color":"","overlay-opacity":"","overlay-gradient":""}},"footnotes":""},"class_list":["post-10447","page","type-page","status-publish","hentry"],"_links":{"self":[{"href":"https:\/\/excell-jets.com\/en\/wp-json\/wp\/v2\/pages\/10447","targetHints":{"allow":["GET"]}}],"collection":[{"href":"https:\/\/excell-jets.com\/en\/wp-json\/wp\/v2\/pages"}],"about":[{"href":"https:\/\/excell-jets.com\/en\/wp-json\/wp\/v2\/types\/page"}],"author":[{"embeddable":true,"href":"https:\/\/excell-jets.com\/en\/wp-json\/wp\/v2\/users\/1"}],"replies":[{"embeddable":true,"href":"https:\/\/excell-jets.com\/en\/wp-json\/wp\/v2\/comments?post=10447"}],"version-history":[{"count":0,"href":"https:\/\/excell-jets.com\/en\/wp-json\/wp\/v2\/pages\/10447\/revisions"}],"wp:attachment":[{"href":"https:\/\/excell-jets.com\/en\/wp-json\/wp\/v2\/media?parent=10447"}],"curies":[{"name":"wp","href":"https:\/\/api.w.org\/{rel}","templated":true}]}}