{"id":3,"date":"2025-05-05T17:23:42","date_gmt":"2025-05-05T17:23:42","guid":{"rendered":"https:\/\/excell-jets.com\/?page_id=3"},"modified":"2025-05-12T16:02:42","modified_gmt":"2025-05-12T16:02:42","slug":"datenschutzrichtlinie","status":"publish","type":"page","link":"https:\/\/excell-jets.com\/de\/politique-de-confidentialite\/","title":{"rendered":"Datenschutzrichtlinie"},"content":{"rendered":"<div data-elementor-type=\"wp-page\" data-elementor-id=\"3\" class=\"elementor elementor-3\" data-elementor-post-type=\"page\">\n\t\t\t\t\t\t<section class=\"elementor-section elementor-top-section elementor-element elementor-element-ed46bcc elementor-section-full_width elementor-section-stretched elementor-section-height-default elementor-section-height-default\" data-id=\"ed46bcc\" data-element_type=\"section\" data-e-type=\"section\" data-settings=\"{&quot;background_background&quot;:&quot;classic&quot;,&quot;stretch_section&quot;:&quot;section-stretched&quot;}\">\n\t\t\t\t\t\t\t<div class=\"elementor-background-overlay\"><\/div>\n\t\t\t\t\t\t\t<div class=\"elementor-container elementor-column-gap-no\">\n\t\t\t\t\t<div class=\"elementor-column elementor-col-100 elementor-top-column elementor-element elementor-element-4e08488\" data-id=\"4e08488\" data-element_type=\"column\" data-e-type=\"column\">\n\t\t\t<div class=\"elementor-widget-wrap elementor-element-populated\">\n\t\t\t\t\t\t<div class=\"elementor-element elementor-element-d5ec3ce elementor-widget elementor-widget-heading\" data-id=\"d5ec3ce\" data-element_type=\"widget\" data-e-type=\"widget\" data-widget_type=\"heading.default\">\n\t\t\t\t\t\t<div class=\"elementor-widget-container\">\n\t\t\t\t\t<h1 class=\"elementor-heading-title elementor-size-default\">Datenschutzrichtlinie<\/h1>\t\t\t\t<\/div>\n\t\t\t\t<\/div>\n\t\t\t\t\t<\/div>\n\t\t<\/div>\n\t\t\t\t\t<\/div>\n\t\t<\/section>\n\t\t\t\t<section class=\"elementor-section elementor-top-section elementor-element elementor-element-ee5f4d0 elementor-section-boxed elementor-section-height-default elementor-section-height-default\" data-id=\"ee5f4d0\" data-element_type=\"section\" data-e-type=\"section\">\n\t\t\t\t\t\t<div class=\"elementor-container elementor-column-gap-default\">\n\t\t\t\t\t<div class=\"elementor-column elementor-col-100 elementor-top-column elementor-element elementor-element-ec42bd7\" data-id=\"ec42bd7\" data-element_type=\"column\" data-e-type=\"column\">\n\t\t\t<div class=\"elementor-widget-wrap elementor-element-populated\">\n\t\t\t\t\t\t<section class=\"elementor-section elementor-inner-section elementor-element elementor-element-9b1e6d3 elementor-section-full_width elementor-section-height-default elementor-section-height-default\" data-id=\"9b1e6d3\" data-element_type=\"section\" data-e-type=\"section\">\n\t\t\t\t\t\t<div class=\"elementor-container elementor-column-gap-no\">\n\t\t\t\t\t<div class=\"elementor-column elementor-col-100 elementor-inner-column elementor-element elementor-element-f8fc611\" data-id=\"f8fc611\" data-element_type=\"column\" data-e-type=\"column\">\n\t\t\t<div class=\"elementor-widget-wrap elementor-element-populated\">\n\t\t\t\t\t\t<div class=\"elementor-element elementor-element-9a925ff elementor-widget elementor-widget-text-editor\" data-id=\"9a925ff\" data-element_type=\"widget\" data-e-type=\"widget\" data-widget_type=\"text-editor.default\">\n\t\t\t\t\t\t<div class=\"elementor-widget-container\">\n\t\t\t\t\t\t\t\t\t<p style=\"text-align: center;\"><em>\u00a0Datum des letzten Updates: 12. Mai 2025.<\/em><\/p>\n<p>Diese Datenschutzrichtlinie beschreibt, wie EXCELLJETS SASU (im Folgenden \u00abwir\u00bb, \u00abunser\u00bb oder \u00abExcellJets\u00bb) die pers\u00f6nlichen Daten, die Sie uns bei der Nutzung unserer Website www.excell-jets.com (im Folgenden die \u00abWebsite\u00bb) und unserer Dienstleistungen f\u00fcr die Charterung von Privatjets zur Verf\u00fcgung stellen, sammelt, verwendet, weitergibt und sch\u00fctzt.<\/p>\n<p>Wir verpflichten uns, Ihre Privatsph\u00e4re zu sch\u00fctzen und Ihre personenbezogenen Daten in \u00dcbereinstimmung mit den geltenden Gesetzen und Vorschriften zu verarbeiten, insbesondere der Datenschutz-Grundverordnung (DSGVO \u2013 Verordnung (EU) 2016\/679) und dem Gesetz \u00fcber Informatik und Freiheiten vom 06. August 2004.<\/p>\n<h3 style=\"text-align: center;\">Verantwortliche f\u00fcr die Verarbeitung personenbezogener Daten<\/h3>\n<p style=\"text-align: center;\">Der f\u00fcr die Verarbeitung Ihrer personenbezogenen Daten Verantwortliche ist: EXCELLJETS SASU<\/p>\n<p style=\"text-align: center;\">Vereinfachte Aktiengesellschaft mit nur einem Aktion\u00e4r und einem Kapital von 2000 Euro<\/p>\n<p style=\"text-align: center;\">Hauptsitz: 31000 TOULOUSE Eingetragen im Handelsregister von THONON-LES-BAINS unter der Nummer SIRET 82002168100029<\/p>\n<p style=\"text-align: center;\">Umsatzsteuer-Identifikationsnummer: FR40820021681<\/p>\n<p style=\"text-align: center;\">Telefon: 06 25 36 28 96 E-Mail-Adresse: contact@excell-jets.com<\/p>\n<p style=\"text-align: center;\">Der Verantwortliche f\u00fcr die Verarbeitung personenbezogener Daten ist Herr Fran\u00e7ois-Xavier Bogillot.<\/p>\n<p>F\u00fcr Fragen zu dieser Richtlinie oder zur Aus\u00fcbung Ihrer Rechte k\u00f6nnen Sie ihn unter der oben genannten E-Mail-Adresse oder per Post an die Adresse des Hauptsitzes kontaktieren.<\/p>\n<h3 style=\"text-align: center;\">2. Welche pers\u00f6nlichen Informationen sammeln wir?<\/h3>\n<p>Wir k\u00f6nnen die folgenden Arten von personenbezogenen Daten erheben und verarbeiten, wenn Sie unsere Website und unsere Dienste nutzen:<\/p>\n<ul>\n<li><strong>Identifikations- und Kontaktinformationen<\/strong> Nachname, Vorname, Anrede, E-Mail-Adresse, Telefonnummer, Postanschrift (<em>falls f\u00fcr die Abrechnung oder spezifische Dienstleistungen erforderlich<\/em>).<\/li>\n<li><strong>Informationen zu Ihren Fluganfragen und Buchungen<\/strong> Gew\u00fcnschte Reiserouten (Abflug- und Ankunftsflugh\u00e4fen), geplante Flugdaten und -zeiten, Anzahl der Passagiere, spezifische Flugpr\u00e4ferenzen (<em>Cateringanforderungen, Bodenabfertigung, Tiertransport usw.<\/em>.), und falls f\u00fcr internationale Fl\u00fcge erforderlich, die von den Beh\u00f6rden geforderten Passagierinformationen (Name, Geburtsdatum, Nationalit\u00e4t, Passnummer).<\/li>\n<li><strong>Navigations- und Nutzungsinformationen der Website<\/strong> IP-Adresse, Browsertyp und -version, Zeitzone, besuchte Seiten auf unserer Website, Verweildauer und andere Diagnoseinformationen, die \u00fcber Cookies oder \u00e4hnliche Technologien gesammelt werden (weitere Einzelheiten finden Sie in unserer <strong>Cookie-Richtlinie<\/strong>.<\/li>\n<li><strong>Informationen, die Sie uns freiwillig zur Verf\u00fcgung stellen:<\/strong> Alle Informationen, die Sie uns \u00fcber die Kontaktformulare, per E-Mail, Telefon oder bei der Anmeldung zu unserem Newsletter mitteilen.<\/li>\n<\/ul>\n<h3 style=\"text-align: center;\">3. Wie verwenden wir Ihre pers\u00f6nlichen Daten und auf welcher Rechtsgrundlage?<\/h3>\n<p>Wir verwenden Ihre pers\u00f6nlichen Daten f\u00fcr die folgenden Zwecke, basierend auf den einschl\u00e4gigen Rechtsgrundlagen:<\/p>\n<ul>\n<li><strong>Um Ihre Angebotsanfragen zu bearbeiten und Ihre Fl\u00fcge zu organisieren<\/strong> (<em>Vertragsabwicklung<\/em> Wir verwenden Ihre Informationen, um Ihre Bed\u00fcrfnisse zu verstehen, Ihnen passende Charterl\u00f6sungen anzubieten, Buchungen bei Fluggesellschaften zu verwalten und alle Aspekte Ihrer Reise zu koordinieren.<\/li>\n<li><strong>Um mit Ihnen zu kommunizieren und unsere Kundenbeziehung zu verwalten<\/strong> (<em>Vertragserf\u00fcllung \/ Berechtigtes Interesse<\/em>Um Ihre Fragen zu beantworten, Ihnen Unterst\u00fctzung zu bieten, Sie \u00fcber Ihre Fl\u00fcge zu informieren und unsere Gesch\u00e4ftsbeziehung zu verwalten.<\/li>\n<li><strong>Um unsere Dienste und das Erlebnis auf unserer Website zu verbessern<\/strong> (Berechtigtes Interesse): Wir analysieren Nutzungsdaten, um unsere Website zu optimieren, Ihr Erlebnis zu personalisieren und neue Dienste zu entwickeln.<\/li>\n<li><strong>Um Ihnen Marketingmitteilungen zu senden<\/strong> (<em>Einwilligung<\/em>Wenn Sie dem zugestimmt haben (z. B. indem Sie sich f\u00fcr unseren Newsletter angemeldet haben), k\u00f6nnen wir Ihnen Informationen \u00fcber unsere Dienstleistungen, Sonderangebote f\u00fcr Leerfl\u00fcge oder Neuigkeiten von ExcellJets zusenden. Sie k\u00f6nnen Ihre Zustimmung jederzeit widerrufen.<\/li>\n<li>F\u00fcr<strong> unsere rechtlichen und beh\u00f6rdlichen Verpflichtungen einhalten<\/strong> (<em>Gesetzliche Verpflichtung<\/em>Insbesondere in den Bereichen Luftsicherheit, Rechnungsstellung, Steuern und zur Erf\u00fcllung von Anfragen der zust\u00e4ndigen Beh\u00f6rden.<\/li>\n<\/ul>\n<h3 style=\"text-align: center;\">4. Weitergabe Ihrer pers\u00f6nlichen Daten<\/h3>\n<p>ExcellJets verpflichtet sich, Ihre pers\u00f6nlichen Daten nicht zu verkaufen, zu vermieten oder zu tauschen und sie nicht zu kommerziellen Zwecken an Dritte weiterzugeben. Wir k\u00f6nnen jedoch verpflichtet sein, einige Ihrer Daten weiterzugeben an:<\/p>\n<ul>\n<li><strong>Luftfahrtunternehmen und Flugdienstleister<\/strong> : Nur die f\u00fcr die Organisation und Durchf\u00fchrung Ihres Fluges unbedingt erforderlichen Informationen (z<em>x: Namen der Passagiere, Reiseroute, Pr\u00e4ferenzen<\/em>). Diese Partner sind vertraglich verpflichtet, die Vertraulichkeit und Sicherheit Ihrer Daten zu wahren.<\/li>\n<li><strong>Unsere technischen Dienstleister<\/strong> : wie unser Hoster (<em>Hostinger<\/em>), IT-Dienstleister, die uns bei der Pflege unserer Website und unserer Systeme unterst\u00fctzen, und Analyseinstrumente (vorbehaltlich der Anonymisierung oder Ihrer Zustimmung f\u00fcr Cookies).<\/li>\n<li><strong>Die zust\u00e4ndigen Beh\u00f6rden<\/strong> : Wenn das Gesetz es vorschreibt oder wenn es notwendig ist, um unsere Rechte, unsere Sicherheit oder die Sicherheit anderer zu sch\u00fctzen.<\/li>\n<\/ul>\n<h3 style=\"text-align: center;\">5. Speicherdauer Ihrer Daten<\/h3>\n<p>Wir speichern Ihre pers\u00f6nlichen Daten f\u00fcr die Dauer, die f\u00fcr die Erreichung der Zwecke, f\u00fcr die sie erhoben wurden, wie oben beschrieben, unbedingt erforderlich ist.<\/p>\n<p>Diese Dauer umfasst die Zeit, die zur Erf\u00fcllung unserer vertraglichen, gesetzlichen, buchhalterischen und steuerlichen Verpflichtungen erforderlich ist. Beispielsweise werden Daten im Zusammenhang mit einer nicht abgeschlossenen Angebotsanfrage f\u00fcr eine begrenzte Zeit aufbewahrt, w\u00e4hrend Rechnungsdaten gem\u00e4\u00df den gesetzlichen Fristen aufbewahrt werden.<\/p>\n<p>Die zu Marketingzwecken mit Ihrer Einwilligung erhobenen Daten werden gespeichert, bis Sie Ihre Einwilligung widerrufen.<\/p>\n<h3 style=\"text-align: center;\">6. Sicherheit Ihrer pers\u00f6nlichen Daten<\/h3>\n<p>ExcellJets nimmt die Sicherheit Ihrer pers\u00f6nlichen Daten sehr ernst. Wir setzen geeignete technische und organisatorische Ma\u00dfnahmen um, um Ihre Informationen vor Verlust, unbefugtem Zugriff, Offenlegung, Ver\u00e4nderung oder Zerst\u00f6rung zu sch\u00fctzen.<\/p>\n<h3 style=\"text-align: center;\">7. Ihre Rechte bez\u00fcglich Ihrer personenbezogenen Daten<\/h3>\n<p>Gem\u00e4\u00df der DSGVO und dem franz\u00f6sischen Datenschutzgesetz haben Sie die folgenden Rechte in Bezug auf Ihre pers\u00f6nlichen Daten:<\/p>\n<ul>\n<li>Zugangsrecht<\/li>\n<li>Recht auf Berichtigung<\/li>\n<li>Recht auf Vergessenwerden<em>Recht auf Vergessenwerden<\/em>)<\/li>\n<li>Recht auf Einschr\u00e4nkung der Verarbeitung<\/li>\n<li>Recht auf Daten\u00fcbertragbarkeit<\/li>\n<li>Widerspruchsrecht gegen die Verarbeitung<em>insbesondere f\u00fcr Direktmarketing<\/em>)<\/li>\n<li>Recht, Ihre Einwilligung jederzeit zu widerrufen<em>ohne dass die Rechtm\u00e4\u00dfigkeit der Verarbeitung aufgrund der Einwilligung vor deren Widerruf davon ber\u00fchrt wird<\/em>)<\/li>\n<li>Recht, Anweisungen bez\u00fcglich des Verbleibs Ihrer Daten nach Ihrem Tod festzulegen.<\/li>\n<li>Recht, eine Beschwerde bei der Nationalen Kommission f\u00fcr Informatik und Freiheiten (<em>CNIL<\/em>).<\/li>\n<\/ul>\n<p>Um eines dieser Rechte auszu\u00fcben, wenden Sie sich bitte an Herrn Fran\u00e7ois-Xavier Bogillot unter den in Abschnitt 1 dieser Richtlinie angegebenen Kontaktdaten. Wir k\u00f6nnen Sie auffordern, Ihre Identit\u00e4t nachzuweisen, bevor wir auf Ihre Anfrage antworten.<\/p>\n<h3 style=\"text-align: center;\">8. Kekse<\/h3>\n<p>Unsere Website verwendet Cookies, um Ihr Surferlebnis zu verbessern, den Traffic zu analysieren und Inhalte zu personalisieren. Weitere Informationen zu den von uns verwendeten Cookies, deren Zwecken und wie Sie diese verwalten k\u00f6nnen, finden Sie in unserer <strong>Cookie-Richtlinie<\/strong>.<\/p>\n<h3 style=\"text-align: center;\">9. \u00c4nderungen unserer Datenschutzrichtlinie<\/h3>\n<p>Wir behalten uns das Recht vor, diese Datenschutzrichtlinie jederzeit zu \u00e4ndern. Alle \u00c4nderungen werden auf dieser Seite ver\u00f6ffentlicht und das Datum der \u00abletzten Aktualisierung\u00bb wird \u00fcberarbeitet. Wir empfehlen Ihnen, diese Richtlinie regelm\u00e4\u00dfig zu \u00fcberpr\u00fcfen, um sich dar\u00fcber zu informieren, wie wir Ihre Informationen sch\u00fctzen.<\/p>\t\t\t\t\t\t\t\t<\/div>\n\t\t\t\t<\/div>\n\t\t\t\t\t<\/div>\n\t\t<\/div>\n\t\t\t\t\t<\/div>\n\t\t<\/section>\n\t\t\t\t\t<\/div>\n\t\t<\/div>\n\t\t\t\t\t<\/div>\n\t\t<\/section>\n\t\t\t\t<\/div>","protected":false},"excerpt":{"rendered":"<p>Politique de confidentialit\u00e9 \u00a0Date de derni\u00e8re mise \u00e0 jour : 12 mai 2025. La pr\u00e9sente Politique de Confidentialit\u00e9 d\u00e9crit la [&hellip;]<\/p>\n","protected":false},"author":1,"featured_media":0,"parent":0,"menu_order":0,"comment_status":"closed","ping_status":"closed","template":"","meta":{"site-sidebar-layout":"default","site-content-layout":"","ast-site-content-layout":"default","site-content-style":"default","site-sidebar-style":"default","ast-global-header-display":"","ast-banner-title-visibility":"","ast-main-header-display":"","ast-hfb-above-header-display":"","ast-hfb-below-header-display":"","ast-hfb-mobile-header-display":"","site-post-title":"","ast-breadcrumbs-content":"","ast-featured-img":"","footer-sml-layout":"","ast-disable-related-posts":"","theme-transparent-header-meta":"","adv-header-id-meta":"","stick-header-meta":"","header-above-stick-meta":"","header-main-stick-meta":"","header-below-stick-meta":"","astra-migrate-meta-layouts":"default","ast-page-background-enabled":"default","ast-page-background-meta":{"desktop":{"background-color":"var(--ast-global-color-5)","background-image":"","background-repeat":"repeat","background-position":"center center","background-size":"auto","background-attachment":"scroll","background-type":"","background-media":"","overlay-type":"","overlay-color":"","overlay-opacity":"","overlay-gradient":""},"tablet":{"background-color":"","background-image":"","background-repeat":"repeat","background-position":"center center","background-size":"auto","background-attachment":"scroll","background-type":"","background-media":"","overlay-type":"","overlay-color":"","overlay-opacity":"","overlay-gradient":""},"mobile":{"background-color":"","background-image":"","background-repeat":"repeat","background-position":"center center","background-size":"auto","background-attachment":"scroll","background-type":"","background-media":"","overlay-type":"","overlay-color":"","overlay-opacity":"","overlay-gradient":""}},"ast-content-background-meta":{"desktop":{"background-color":"var(--ast-global-color-4)","background-image":"","background-repeat":"repeat","background-position":"center center","background-size":"auto","background-attachment":"scroll","background-type":"","background-media":"","overlay-type":"","overlay-color":"","overlay-opacity":"","overlay-gradient":""},"tablet":{"background-color":"var(--ast-global-color-4)","background-image":"","background-repeat":"repeat","background-position":"center center","background-size":"auto","background-attachment":"scroll","background-type":"","background-media":"","overlay-type":"","overlay-color":"","overlay-opacity":"","overlay-gradient":""},"mobile":{"background-color":"var(--ast-global-color-4)","background-image":"","background-repeat":"repeat","background-position":"center center","background-size":"auto","background-attachment":"scroll","background-type":"","background-media":"","overlay-type":"","overlay-color":"","overlay-opacity":"","overlay-gradient":""}},"footnotes":""},"class_list":["post-3","page","type-page","status-publish","hentry"],"_links":{"self":[{"href":"https:\/\/excell-jets.com\/de\/wp-json\/wp\/v2\/pages\/3","targetHints":{"allow":["GET"]}}],"collection":[{"href":"https:\/\/excell-jets.com\/de\/wp-json\/wp\/v2\/pages"}],"about":[{"href":"https:\/\/excell-jets.com\/de\/wp-json\/wp\/v2\/types\/page"}],"author":[{"embeddable":true,"href":"https:\/\/excell-jets.com\/de\/wp-json\/wp\/v2\/users\/1"}],"replies":[{"embeddable":true,"href":"https:\/\/excell-jets.com\/de\/wp-json\/wp\/v2\/comments?post=3"}],"version-history":[{"count":0,"href":"https:\/\/excell-jets.com\/de\/wp-json\/wp\/v2\/pages\/3\/revisions"}],"wp:attachment":[{"href":"https:\/\/excell-jets.com\/de\/wp-json\/wp\/v2\/media?parent=3"}],"curies":[{"name":"wp","href":"https:\/\/api.w.org\/{rel}","templated":true}]}}