{"id":180,"date":"2025-05-05T19:54:18","date_gmt":"2025-05-05T19:54:18","guid":{"rendered":"https:\/\/excell-jets.com\/?page_id=180"},"modified":"2025-05-16T12:05:01","modified_gmt":"2025-05-16T12:05:01","slug":"fret-aerien","status":"publish","type":"page","link":"https:\/\/excell-jets.com\/de\/fret-aerien\/","title":{"rendered":"Luftfracht"},"content":{"rendered":"<div data-elementor-type=\"wp-page\" data-elementor-id=\"180\" class=\"elementor elementor-180\" data-elementor-post-type=\"page\">\n\t\t\t\t\t\t<section class=\"elementor-section elementor-top-section elementor-element elementor-element-73fd2cf elementor-section-boxed elementor-section-height-default elementor-section-height-default\" data-id=\"73fd2cf\" data-element_type=\"section\" data-e-type=\"section\" data-settings=\"{&quot;background_background&quot;:&quot;classic&quot;}\">\n\t\t\t\t\t\t\t<div class=\"elementor-background-overlay\"><\/div>\n\t\t\t\t\t\t\t<div class=\"elementor-container elementor-column-gap-no\">\n\t\t\t\t\t<div class=\"elementor-column elementor-col-100 elementor-top-column elementor-element elementor-element-9753338\" data-id=\"9753338\" data-element_type=\"column\" data-e-type=\"column\">\n\t\t\t<div class=\"elementor-widget-wrap elementor-element-populated\">\n\t\t\t\t\t\t<div class=\"elementor-element elementor-element-5cd7e37 elementor-widget elementor-widget-heading\" data-id=\"5cd7e37\" data-element_type=\"widget\" data-e-type=\"widget\" data-widget_type=\"heading.default\">\n\t\t\t\t\t\t<div class=\"elementor-widget-container\">\n\t\t\t\t\t<h1 class=\"elementor-heading-title elementor-size-default\">AFFR\u00c8TEMENT DE JET PRIV\u00c9<\/h1>\t\t\t\t<\/div>\n\t\t\t\t<\/div>\n\t\t\t\t<div class=\"elementor-element elementor-element-44b7e71 elementor-widget elementor-widget-text-editor\" data-id=\"44b7e71\" data-element_type=\"widget\" data-e-type=\"widget\" data-widget_type=\"text-editor.default\">\n\t\t\t\t\t\t<div class=\"elementor-widget-container\">\n\t\t\t\t\t\t\t\t\t<p>Simplicit\u00e9, r\u00e9activit\u00e9 et acc\u00e8s \u00e0 une flotte mondiale pour un voyage sans contraintes. La r\u00e9ponse flexible et performante \u00e0 tous vos besoins de d\u00e9placements professionnels ou personnels.<\/p>\t\t\t\t\t\t\t\t<\/div>\n\t\t\t\t<\/div>\n\t\t\t\t<div class=\"elementor-element elementor-element-4e1087f elementor-align-center elementor-mobile-align-center elementor-widget__width-initial elementor-widget elementor-widget-button\" data-id=\"4e1087f\" data-element_type=\"widget\" data-e-type=\"widget\" data-widget_type=\"button.default\">\n\t\t\t\t\t\t<div class=\"elementor-widget-container\">\n\t\t\t\t\t\t\t\t\t<div class=\"elementor-button-wrapper\">\n\t\t\t\t\t<a class=\"elementor-button elementor-button-link elementor-size-sm\" href=\"\/de\/angebot\/\">\n\t\t\t\t\t\t<span class=\"elementor-button-content-wrapper\">\n\t\t\t\t\t\t\t\t\t<span class=\"elementor-button-text\">Einen Kostenvoranschlag erhalten<\/span>\n\t\t\t\t\t<\/span>\n\t\t\t\t\t<\/a>\n\t\t\t\t<\/div>\n\t\t\t\t\t\t\t\t<\/div>\n\t\t\t\t<\/div>\n\t\t\t\t\t<\/div>\n\t\t<\/div>\n\t\t\t\t\t<\/div>\n\t\t<\/section>\n\t\t<div class=\"elementor-element elementor-element-aac0cd8 e-con-full e-flex e-con e-parent\" data-id=\"aac0cd8\" data-element_type=\"container\" data-e-type=\"container\">\n\t\t<div class=\"elementor-element elementor-element-25af90f e-flex e-con-boxed e-con e-child\" data-id=\"25af90f\" data-element_type=\"container\" data-e-type=\"container\">\n\t\t\t\t\t<div class=\"e-con-inner\">\n\t\t<div class=\"elementor-element elementor-element-144a6b3 e-con-full e-flex e-con e-child\" data-id=\"144a6b3\" data-element_type=\"container\" data-e-type=\"container\">\n\t\t\t\t<div class=\"elementor-element elementor-element-3bde741 elementor-widget__width-auto elementor-widget-mobile__width-initial elementor-widget elementor-widget-heading\" data-id=\"3bde741\" data-element_type=\"widget\" data-e-type=\"widget\" data-widget_type=\"heading.default\">\n\t\t\t\t\t\t<div class=\"elementor-widget-container\">\n\t\t\t\t\t<h6 class=\"elementor-heading-title elementor-size-default\">Einleitung<\/h6>\t\t\t\t<\/div>\n\t\t\t\t<\/div>\n\t\t\t\t<div class=\"elementor-element elementor-element-a8c8d90 elementor-widget elementor-widget-heading\" data-id=\"a8c8d90\" data-element_type=\"widget\" data-e-type=\"widget\" data-widget_type=\"heading.default\">\n\t\t\t\t\t\t<div class=\"elementor-widget-container\">\n\t\t\t\t\t<h2 class=\"elementor-heading-title elementor-size-default\">Affr\u00e8tement de jets priv\u00e9s avec ExcellJets<\/h2>\t\t\t\t<\/div>\n\t\t\t\t<\/div>\n\t\t\t\t<div class=\"elementor-element elementor-element-4b1917b elementor-widget elementor-widget-text-editor\" data-id=\"4b1917b\" data-element_type=\"widget\" data-e-type=\"widget\" data-widget_type=\"text-editor.default\">\n\t\t\t\t\t\t<div class=\"elementor-widget-container\">\n\t\t\t\t\t\t\t\t\t<div><div><div><div><div><p class=\"ng-star-inserted\"><span class=\"ng-star-inserted\"><strong>Leader sur le march\u00e9 de l\u2019affr\u00e8tement de jets priv\u00e9s<\/strong> et de la <strong>location d\u2019avions d\u2019affaires<\/strong>, Excell\u2019Jets met \u00e0 votre disposition une \u00e9quipe de sp\u00e9cialistes en aviation priv\u00e9e, joignable 24\/7. <\/span><\/p><p class=\"ng-star-inserted\"><span class=\"ng-star-inserted\">\u00c0 votre \u00e9coute et proches de vous, nous trouvons l\u2019appareil le plus adapt\u00e9 \u00e0 vos besoins et attentes, au meilleur prix. <\/span><\/p><p class=\"ng-star-inserted\"><span class=\"ng-star-inserted\">Nos experts vous accompagnent tout au long de votre r\u00e9servation. Vous b\u00e9n\u00e9ficiez d\u2019un interlocuteur unique, qui suit votre dossier de A \u00e0 Z et vous propose la solution la plus ad\u00e9quate. <\/span><\/p><p class=\"ng-star-inserted\"><span class=\"ng-star-inserted\">N\u2019h\u00e9sitez plus ! Contactez-nous pour toute demande de cotation pour votre prochain vol en jet priv\u00e9. Nos devis sont gratuits et sans engagement.<\/span><\/p><\/div><\/div><\/div><\/div><\/div>\t\t\t\t\t\t\t\t<\/div>\n\t\t\t\t<\/div>\n\t\t\t\t<\/div>\n\t\t<div class=\"elementor-element elementor-element-dc88ae7 e-con-full e-flex e-con e-child\" data-id=\"dc88ae7\" data-element_type=\"container\" data-e-type=\"container\">\n\t\t\t\t<div class=\"elementor-element elementor-element-5ed1099 elementor-widget elementor-widget-image\" data-id=\"5ed1099\" data-element_type=\"widget\" data-e-type=\"widget\" data-widget_type=\"image.default\">\n\t\t\t\t\t\t<div class=\"elementor-widget-container\">\n\t\t\t\t\t\t\t\t\t\t\t\t\t\t\t<img fetchpriority=\"high\" decoding=\"async\" width=\"722\" height=\"1024\" src=\"https:\/\/excell-jets.com\/wp-content\/uploads\/2025\/05\/affretement-jet-prive-en-france-avec-ExcellJets-1-722x1024.jpg\" class=\"attachment-large size-large wp-image-9988\" alt=\"\" srcset=\"https:\/\/excell-jets.com\/wp-content\/uploads\/2025\/05\/affretement-jet-prive-en-france-avec-ExcellJets-1-722x1024.jpg 722w, https:\/\/excell-jets.com\/wp-content\/uploads\/2025\/05\/affretement-jet-prive-en-france-avec-ExcellJets-1-212x300.jpg 212w, https:\/\/excell-jets.com\/wp-content\/uploads\/2025\/05\/affretement-jet-prive-en-france-avec-ExcellJets-1-768x1089.jpg 768w, https:\/\/excell-jets.com\/wp-content\/uploads\/2025\/05\/affretement-jet-prive-en-france-avec-ExcellJets-1.jpg 800w\" sizes=\"(max-width: 722px) 100vw, 722px\" \/>\t\t\t\t\t\t\t\t\t\t\t\t\t\t\t<\/div>\n\t\t\t\t<\/div>\n\t\t\t\t<\/div>\n\t\t\t\t\t<\/div>\n\t\t\t\t<\/div>\n\t\t\t\t<\/div>\n\t\t\t\t<section class=\"elementor-section elementor-top-section elementor-element elementor-element-2174599 elementor-section-boxed elementor-section-height-default elementor-section-height-default\" data-id=\"2174599\" data-element_type=\"section\" data-e-type=\"section\">\n\t\t\t\t\t\t<div class=\"elementor-container elementor-column-gap-default\">\n\t\t\t\t\t<div class=\"elementor-column elementor-col-100 elementor-top-column elementor-element elementor-element-7aac3ac\" data-id=\"7aac3ac\" data-element_type=\"column\" data-e-type=\"column\">\n\t\t\t<div class=\"elementor-widget-wrap elementor-element-populated\">\n\t\t\t\t\t\t<section class=\"elementor-section elementor-inner-section elementor-element elementor-element-1bbe4e8 elementor-section-full_width elementor-section-height-default elementor-section-height-default\" data-id=\"1bbe4e8\" data-element_type=\"section\" data-e-type=\"section\">\n\t\t\t\t\t\t<div class=\"elementor-container elementor-column-gap-no\">\n\t\t\t\t\t<div class=\"elementor-column elementor-col-50 elementor-inner-column elementor-element elementor-element-abff2f9\" data-id=\"abff2f9\" data-element_type=\"column\" data-e-type=\"column\">\n\t\t\t<div class=\"elementor-widget-wrap elementor-element-populated\">\n\t\t\t\t\t\t<div class=\"elementor-element elementor-element-9416b04 elementor-hidden-mobile elementor-widget elementor-widget-image\" data-id=\"9416b04\" data-element_type=\"widget\" data-e-type=\"widget\" data-widget_type=\"image.default\">\n\t\t\t\t\t\t<div class=\"elementor-widget-container\">\n\t\t\t\t\t\t\t\t\t\t\t\t\t\t\t<img decoding=\"async\" width=\"683\" height=\"1024\" src=\"https:\/\/excell-jets.com\/wp-content\/uploads\/2025\/05\/affretement-jet-prive-en-france-avec-ExcellJets-683x1024.jpg\" class=\"attachment-large size-large wp-image-9984\" alt=\"Affr\u00e8tement de jets priv\u00e9s avec ExcellJets\" srcset=\"https:\/\/excell-jets.com\/wp-content\/uploads\/2025\/05\/affretement-jet-prive-en-france-avec-ExcellJets-683x1024.jpg 683w, https:\/\/excell-jets.com\/wp-content\/uploads\/2025\/05\/affretement-jet-prive-en-france-avec-ExcellJets-200x300.jpg 200w, https:\/\/excell-jets.com\/wp-content\/uploads\/2025\/05\/affretement-jet-prive-en-france-avec-ExcellJets-768x1152.jpg 768w, https:\/\/excell-jets.com\/wp-content\/uploads\/2025\/05\/affretement-jet-prive-en-france-avec-ExcellJets.jpg 800w\" sizes=\"(max-width: 683px) 100vw, 683px\" \/>\t\t\t\t\t\t\t\t\t\t\t\t\t\t\t<\/div>\n\t\t\t\t<\/div>\n\t\t\t\t\t<\/div>\n\t\t<\/div>\n\t\t\t\t<div class=\"elementor-column elementor-col-50 elementor-inner-column elementor-element elementor-element-aa9f772\" data-id=\"aa9f772\" data-element_type=\"column\" data-e-type=\"column\">\n\t\t\t<div class=\"elementor-widget-wrap elementor-element-populated\">\n\t\t\t\t\t\t<div class=\"elementor-element elementor-element-f3c4cb9 elementor-widget__width-auto elementor-widget-mobile__width-initial elementor-widget elementor-widget-heading\" data-id=\"f3c4cb9\" data-element_type=\"widget\" data-e-type=\"widget\" data-widget_type=\"heading.default\">\n\t\t\t\t\t\t<div class=\"elementor-widget-container\">\n\t\t\t\t\t<h6 class=\"elementor-heading-title elementor-size-default\">Pourquoi choisir l'affr\u00e8tement ?<\/h6>\t\t\t\t<\/div>\n\t\t\t\t<\/div>\n\t\t\t\t<div class=\"elementor-element elementor-element-81ef65b elementor-widget elementor-widget-heading\" data-id=\"81ef65b\" data-element_type=\"widget\" data-e-type=\"widget\" data-widget_type=\"heading.default\">\n\t\t\t\t\t\t<div class=\"elementor-widget-container\">\n\t\t\t\t\t<h2 class=\"elementor-heading-title elementor-size-default\">Affr\u00e8tez une jet priv\u00e9 adapt\u00e9 \u00e0 vos besoins<\/h2>\t\t\t\t<\/div>\n\t\t\t\t<\/div>\n\t\t\t\t<div class=\"elementor-element elementor-element-6d359a3 elementor-widget elementor-widget-text-editor\" data-id=\"6d359a3\" data-element_type=\"widget\" data-e-type=\"widget\" data-widget_type=\"text-editor.default\">\n\t\t\t\t\t\t<div class=\"elementor-widget-container\">\n\t\t\t\t\t\t\t\t\t<p class=\"ng-star-inserted\"><span class=\"ng-star-inserted\">L\u2019affr\u00e8tement d\u2019un avion priv\u00e9 vous offre une solution sur mesure, adapt\u00e9e \u00e0 vos besoins sp\u00e9cifiques et \u00e0 vos contraintes de temps. <\/span><\/p><p class=\"ng-star-inserted\"><span class=\"ng-star-inserted\">Quel que soit le type de vol d\u00e9sir\u00e9, vol direct, multi-destinations, voyage en groupe, transport de fret ou de passagers urgents , Excell\u2019Jets vous garantit :<\/span><\/p><ul><li class=\"ng-star-inserted\"><strong class=\"ng-star-inserted\"><span class=\"ng-star-inserted\">Rapidit\u00e9 :<\/span><\/strong><span class=\"ng-star-inserted\">\u00a0envolez-vous en moins de 2 heures apr\u00e8s confirmation du vol, 24\/7.<\/span><\/li><li class=\"ng-star-inserted\"><strong class=\"ng-star-inserted\"><span class=\"ng-star-inserted\">Flexibilit\u00e9 :<\/span><\/strong><span class=\"ng-star-inserted\">\u00a0choisissez vos horaires et vos destinations, modifiez votre itin\u00e9raire m\u00eame au dernier moment.<\/span><\/li><li class=\"ng-star-inserted\"><strong class=\"ng-star-inserted\"><span class=\"ng-star-inserted\">Confort et intimit\u00e9 :<\/span><\/strong><span class=\"ng-star-inserted\">\u00a0profitez d\u2019un espace priv\u00e9 pour travailler ou vous d\u00e9tendre en toute discr\u00e9tion.<\/span><\/li><li class=\"ng-star-inserted\"><strong class=\"ng-star-inserted\"><span class=\"ng-star-inserted\">Acc\u00e8s direct :<\/span><\/strong><span class=\"ng-star-inserted\">\u00a0atterrissez au plus pr\u00e8s de votre destination finale gr\u00e2ce \u00e0 notre acc\u00e8s \u00e0 un vaste r\u00e9seau d\u2019a\u00e9roports non desservis par les lignes r\u00e9guli\u00e8res.<\/span><\/li><li class=\"ng-star-inserted\"><strong class=\"ng-star-inserted\"><span class=\"ng-star-inserted\">Gain de temps :<\/span><\/strong><span class=\"ng-star-inserted\">\u00a0\u00e9vitez les files d\u2019attente et les formalit\u00e9s d\u2019embarquement des a\u00e9roports traditionnels.<\/span><\/li><\/ul>\t\t\t\t\t\t\t\t<\/div>\n\t\t\t\t<\/div>\n\t\t\t\t\t<\/div>\n\t\t<\/div>\n\t\t\t\t\t<\/div>\n\t\t<\/section>\n\t\t\t\t\t<\/div>\n\t\t<\/div>\n\t\t\t\t\t<\/div>\n\t\t<\/section>\n\t\t<div class=\"elementor-element elementor-element-fa9e57a e-con-full e-flex e-con e-parent\" data-id=\"fa9e57a\" data-element_type=\"container\" data-e-type=\"container\">\n\t\t<div class=\"elementor-element elementor-element-0335876 e-flex e-con-boxed e-con e-child\" data-id=\"0335876\" data-element_type=\"container\" data-e-type=\"container\">\n\t\t\t\t\t<div class=\"e-con-inner\">\n\t\t<div class=\"elementor-element elementor-element-ce8c0c6 e-con-full e-flex e-con e-child\" data-id=\"ce8c0c6\" data-element_type=\"container\" data-e-type=\"container\">\n\t\t\t\t<div class=\"elementor-element elementor-element-fbc23e6 elementor-widget__width-auto elementor-widget-mobile__width-initial elementor-widget elementor-widget-heading\" data-id=\"fbc23e6\" data-element_type=\"widget\" data-e-type=\"widget\" data-widget_type=\"heading.default\">\n\t\t\t\t\t\t<div class=\"elementor-widget-container\">\n\t\t\t\t\t<h6 class=\"elementor-heading-title elementor-size-default\">Notre flotte et nos services<\/h6>\t\t\t\t<\/div>\n\t\t\t\t<\/div>\n\t\t\t\t<div class=\"elementor-element elementor-element-0fe33a7 elementor-widget elementor-widget-heading\" data-id=\"0fe33a7\" data-element_type=\"widget\" data-e-type=\"widget\" data-widget_type=\"heading.default\">\n\t\t\t\t\t\t<div class=\"elementor-widget-container\">\n\t\t\t\t\t<h2 class=\"elementor-heading-title elementor-size-default\">Un large choix d'appareils et de services haut de gamme<\/h2>\t\t\t\t<\/div>\n\t\t\t\t<\/div>\n\t\t\t\t<div class=\"elementor-element elementor-element-b810da9 elementor-widget elementor-widget-text-editor\" data-id=\"b810da9\" data-element_type=\"widget\" data-e-type=\"widget\" data-widget_type=\"text-editor.default\">\n\t\t\t\t\t\t<div class=\"elementor-widget-container\">\n\t\t\t\t\t\t\t\t\t<p class=\"ng-star-inserted\"><span class=\"ng-star-inserted\">Gr\u00e2ce \u00e0 notre r\u00e9seau \u00e9tendu de partenaires et d\u2019op\u00e9rateurs a\u00e9riens, nous avons acc\u00e8s \u00e0 une <strong>flotte de plus de 5000 appareils dans le monde entier<\/strong>, des jets l\u00e9gers pour des trajets courts aux avions long-courriers pour des vols transcontinentaux. <\/span><\/p><p class=\"ng-star-inserted\"><span class=\"ng-star-inserted\">Tous nos appareils sont s\u00e9lectionn\u00e9s selon des crit\u00e8res stricts de s\u00e9curit\u00e9 et de confort.<\/span><\/p><p class=\"ng-star-inserted\"><span class=\"ng-star-inserted\">En compl\u00e9ment de la location de votre jet priv\u00e9, Excell\u2019Jets vous propose une gamme compl\u00e8te de services annexes pour agr\u00e9menter votre voyage :<\/span><\/p><ul><li class=\"ng-star-inserted\"><span class=\"ng-star-inserted\"><strong>R\u00e9servation de transferts au sol<\/strong> (voiture avec chauffeur, h\u00e9licopt\u00e8re).<\/span><\/li><li class=\"ng-star-inserted\"><span class=\"ng-star-inserted\"><strong>Catering personnalis\u00e9<\/strong> \u00e0 bord.<\/span><\/li><li class=\"ng-star-inserted\"><span class=\"ng-star-inserted\"><strong>Assistance pour les formalit\u00e9s de voyage<\/strong> (visas, douane).<\/span><\/li><li class=\"ng-star-inserted\"><span class=\"ng-star-inserted\"><strong>Organisation de s\u00e9jours<\/strong> et d\u2019activit\u00e9s \u00e0 destination.<\/span><\/li><li class=\"ng-star-inserted\"><span class=\"ng-star-inserted\"><strong>Conciergerie<\/strong> de luxe.<\/span><\/li><\/ul>\t\t\t\t\t\t\t\t<\/div>\n\t\t\t\t<\/div>\n\t\t\t\t<\/div>\n\t\t<div class=\"elementor-element elementor-element-fab0a37 e-con-full e-flex e-con e-child\" data-id=\"fab0a37\" data-element_type=\"container\" data-e-type=\"container\">\n\t\t\t\t<div class=\"elementor-element elementor-element-ba2b275 elementor-widget elementor-widget-image\" data-id=\"ba2b275\" data-element_type=\"widget\" data-e-type=\"widget\" data-widget_type=\"image.default\">\n\t\t\t\t\t\t<div class=\"elementor-widget-container\">\n\t\t\t\t\t\t\t\t\t\t\t\t\t\t\t<img decoding=\"async\" width=\"768\" height=\"1024\" src=\"https:\/\/excell-jets.com\/wp-content\/uploads\/2025\/05\/affretement-jet-prive-en-france-avec-ExcellJets-2-768x1024.jpg\" class=\"attachment-large size-large wp-image-9995\" alt=\"\" srcset=\"https:\/\/excell-jets.com\/wp-content\/uploads\/2025\/05\/affretement-jet-prive-en-france-avec-ExcellJets-2-768x1024.jpg 768w, https:\/\/excell-jets.com\/wp-content\/uploads\/2025\/05\/affretement-jet-prive-en-france-avec-ExcellJets-2-225x300.jpg 225w, https:\/\/excell-jets.com\/wp-content\/uploads\/2025\/05\/affretement-jet-prive-en-france-avec-ExcellJets-2.jpg 800w\" sizes=\"(max-width: 768px) 100vw, 768px\" \/>\t\t\t\t\t\t\t\t\t\t\t\t\t\t\t<\/div>\n\t\t\t\t<\/div>\n\t\t\t\t<\/div>\n\t\t\t\t\t<\/div>\n\t\t\t\t<\/div>\n\t\t\t\t<\/div>\n\t\t\t\t<section class=\"elementor-section elementor-top-section elementor-element elementor-element-7b1f49e elementor-section-boxed elementor-section-height-default elementor-section-height-default\" data-id=\"7b1f49e\" data-element_type=\"section\" data-e-type=\"section\">\n\t\t\t\t\t\t<div class=\"elementor-container elementor-column-gap-default\">\n\t\t\t\t\t<div class=\"elementor-column elementor-col-100 elementor-top-column elementor-element elementor-element-d95d95d\" data-id=\"d95d95d\" data-element_type=\"column\" data-e-type=\"column\">\n\t\t\t<div class=\"elementor-widget-wrap elementor-element-populated\">\n\t\t\t\t\t\t<section class=\"elementor-section elementor-inner-section elementor-element elementor-element-f2b3caa elementor-section-full_width elementor-section-height-default elementor-section-height-default\" data-id=\"f2b3caa\" data-element_type=\"section\" data-e-type=\"section\">\n\t\t\t\t\t\t<div class=\"elementor-container elementor-column-gap-no\">\n\t\t\t\t\t<div class=\"elementor-column elementor-col-50 elementor-inner-column elementor-element elementor-element-ee2f878\" data-id=\"ee2f878\" data-element_type=\"column\" data-e-type=\"column\">\n\t\t\t<div class=\"elementor-widget-wrap elementor-element-populated\">\n\t\t\t\t\t\t<div class=\"elementor-element elementor-element-6cf1eee elementor-widget__width-initial elementor-widget elementor-widget-image\" data-id=\"6cf1eee\" data-element_type=\"widget\" data-e-type=\"widget\" data-widget_type=\"image.default\">\n\t\t\t\t\t\t<div class=\"elementor-widget-container\">\n\t\t\t\t\t\t\t\t\t\t\t\t\t\t\t<img loading=\"lazy\" decoding=\"async\" width=\"1000\" height=\"834\" src=\"https:\/\/excell-jets.com\/wp-content\/uploads\/2025\/05\/affretement-jet-prive-en-france-avec-ExcellJets-3.jpg\" class=\"attachment-large size-large wp-image-9999\" alt=\"Pr\u00eat \u00e0 organiser votre vol avec ExcellJets\" srcset=\"https:\/\/excell-jets.com\/wp-content\/uploads\/2025\/05\/affretement-jet-prive-en-france-avec-ExcellJets-3.jpg 1000w, https:\/\/excell-jets.com\/wp-content\/uploads\/2025\/05\/affretement-jet-prive-en-france-avec-ExcellJets-3-300x250.jpg 300w, https:\/\/excell-jets.com\/wp-content\/uploads\/2025\/05\/affretement-jet-prive-en-france-avec-ExcellJets-3-768x641.jpg 768w\" sizes=\"(max-width: 1000px) 100vw, 1000px\" \/>\t\t\t\t\t\t\t\t\t\t\t\t\t\t\t<\/div>\n\t\t\t\t<\/div>\n\t\t\t\t\t<\/div>\n\t\t<\/div>\n\t\t\t\t<div class=\"elementor-column elementor-col-50 elementor-inner-column elementor-element elementor-element-c846729\" data-id=\"c846729\" data-element_type=\"column\" data-e-type=\"column\">\n\t\t\t<div class=\"elementor-widget-wrap elementor-element-populated\">\n\t\t\t\t\t\t<div class=\"elementor-element elementor-element-91dbe14 elementor-widget__width-auto elementor-widget-mobile__width-initial elementor-widget elementor-widget-heading\" data-id=\"91dbe14\" data-element_type=\"widget\" data-e-type=\"widget\" data-widget_type=\"heading.default\">\n\t\t\t\t\t\t<div class=\"elementor-widget-container\">\n\t\t\t\t\t<h6 class=\"elementor-heading-title elementor-size-default\">Conclusion<\/h6>\t\t\t\t<\/div>\n\t\t\t\t<\/div>\n\t\t\t\t<div class=\"elementor-element elementor-element-b02e57c elementor-widget elementor-widget-heading\" data-id=\"b02e57c\" data-element_type=\"widget\" data-e-type=\"widget\" data-widget_type=\"heading.default\">\n\t\t\t\t\t\t<div class=\"elementor-widget-container\">\n\t\t\t\t\t<h2 class=\"elementor-heading-title elementor-size-default\">Pr\u00eat \u00e0 organiser votre vol ?<\/h2>\t\t\t\t<\/div>\n\t\t\t\t<\/div>\n\t\t\t\t<div class=\"elementor-element elementor-element-beac872 elementor-widget elementor-widget-text-editor\" data-id=\"beac872\" data-element_type=\"widget\" data-e-type=\"widget\" data-widget_type=\"text-editor.default\">\n\t\t\t\t\t\t<div class=\"elementor-widget-container\">\n\t\t\t\t\t\t\t\t\t<p class=\"ng-star-inserted\"><span class=\"ng-star-inserted\">Contactez d\u00e8s maintenant nos experts pour obtenir un devis personnalis\u00e9 et gratuit pour votre prochain affr\u00e8tement de jet priv\u00e9. Notre \u00e9quipe est \u00e0 votre disposition pour r\u00e9pondre \u00e0 toutes vos questions et vous accompagner dans la planification de votre voyage.<\/span><\/p>\t\t\t\t\t\t\t\t<\/div>\n\t\t\t\t<\/div>\n\t\t\t\t<div class=\"elementor-element elementor-element-9379510 elementor-align-left elementor-mobile-align-center elementor-widget__width-initial elementor-tablet-align-center elementor-widget elementor-widget-button\" data-id=\"9379510\" data-element_type=\"widget\" data-e-type=\"widget\" data-widget_type=\"button.default\">\n\t\t\t\t\t\t<div class=\"elementor-widget-container\">\n\t\t\t\t\t\t\t\t\t<div class=\"elementor-button-wrapper\">\n\t\t\t\t\t<a class=\"elementor-button elementor-button-link elementor-size-sm\" href=\"\/de\/angebot\/\">\n\t\t\t\t\t\t<span class=\"elementor-button-content-wrapper\">\n\t\t\t\t\t\t\t\t\t<span class=\"elementor-button-text\">Einen Kostenvoranschlag erhalten<\/span>\n\t\t\t\t\t<\/span>\n\t\t\t\t\t<\/a>\n\t\t\t\t<\/div>\n\t\t\t\t\t\t\t\t<\/div>\n\t\t\t\t<\/div>\n\t\t\t\t\t<\/div>\n\t\t<\/div>\n\t\t\t\t\t<\/div>\n\t\t<\/section>\n\t\t\t\t\t<\/div>\n\t\t<\/div>\n\t\t\t\t\t<\/div>\n\t\t<\/section>\n\t\t\t\t<\/div>","protected":false},"excerpt":{"rendered":"<p>AFFR\u00c8TEMENT DE JET PRIV\u00c9 Simplicit\u00e9, r\u00e9activit\u00e9 et acc\u00e8s \u00e0 une flotte mondiale pour un voyage sans contraintes. La r\u00e9ponse flexible [&hellip;]<\/p>\n","protected":false},"author":1,"featured_media":0,"parent":0,"menu_order":0,"comment_status":"closed","ping_status":"closed","template":"","meta":{"site-sidebar-layout":"no-sidebar","site-content-layout":"","ast-site-content-layout":"full-width-container","site-content-style":"default","site-sidebar-style":"default","ast-global-header-display":"","ast-banner-title-visibility":"","ast-main-header-display":"","ast-hfb-above-header-display":"","ast-hfb-below-header-display":"","ast-hfb-mobile-header-display":"","site-post-title":"disabled","ast-breadcrumbs-content":"","ast-featured-img":"disabled","footer-sml-layout":"","ast-disable-related-posts":"","theme-transparent-header-meta":"","adv-header-id-meta":"","stick-header-meta":"","header-above-stick-meta":"","header-main-stick-meta":"","header-below-stick-meta":"","astra-migrate-meta-layouts":"default","ast-page-background-enabled":"default","ast-page-background-meta":{"desktop":{"background-color":"var(--ast-global-color-5)","background-image":"","background-repeat":"repeat","background-position":"center center","background-size":"auto","background-attachment":"scroll","background-type":"","background-media":"","overlay-type":"","overlay-color":"","overlay-opacity":"","overlay-gradient":""},"tablet":{"background-color":"","background-image":"","background-repeat":"repeat","background-position":"center center","background-size":"auto","background-attachment":"scroll","background-type":"","background-media":"","overlay-type":"","overlay-color":"","overlay-opacity":"","overlay-gradient":""},"mobile":{"background-color":"","background-image":"","background-repeat":"repeat","background-position":"center center","background-size":"auto","background-attachment":"scroll","background-type":"","background-media":"","overlay-type":"","overlay-color":"","overlay-opacity":"","overlay-gradient":""}},"ast-content-background-meta":{"desktop":{"background-color":"var(--ast-global-color-4)","background-image":"","background-repeat":"repeat","background-position":"center center","background-size":"auto","background-attachment":"scroll","background-type":"","background-media":"","overlay-type":"","overlay-color":"","overlay-opacity":"","overlay-gradient":""},"tablet":{"background-color":"var(--ast-global-color-4)","background-image":"","background-repeat":"repeat","background-position":"center center","background-size":"auto","background-attachment":"scroll","background-type":"","background-media":"","overlay-type":"","overlay-color":"","overlay-opacity":"","overlay-gradient":""},"mobile":{"background-color":"var(--ast-global-color-4)","background-image":"","background-repeat":"repeat","background-position":"center center","background-size":"auto","background-attachment":"scroll","background-type":"","background-media":"","overlay-type":"","overlay-color":"","overlay-opacity":"","overlay-gradient":""}},"footnotes":""},"class_list":["post-180","page","type-page","status-publish","hentry"],"_links":{"self":[{"href":"https:\/\/excell-jets.com\/de\/wp-json\/wp\/v2\/pages\/180","targetHints":{"allow":["GET"]}}],"collection":[{"href":"https:\/\/excell-jets.com\/de\/wp-json\/wp\/v2\/pages"}],"about":[{"href":"https:\/\/excell-jets.com\/de\/wp-json\/wp\/v2\/types\/page"}],"author":[{"embeddable":true,"href":"https:\/\/excell-jets.com\/de\/wp-json\/wp\/v2\/users\/1"}],"replies":[{"embeddable":true,"href":"https:\/\/excell-jets.com\/de\/wp-json\/wp\/v2\/comments?post=180"}],"version-history":[{"count":0,"href":"https:\/\/excell-jets.com\/de\/wp-json\/wp\/v2\/pages\/180\/revisions"}],"wp:attachment":[{"href":"https:\/\/excell-jets.com\/de\/wp-json\/wp\/v2\/media?parent=180"}],"curies":[{"name":"wp","href":"https:\/\/api.w.org\/{rel}","templated":true}]}}